{"id":6746,"date":"2024-04-12T12:19:39","date_gmt":"2024-04-12T10:19:39","guid":{"rendered":"https:\/\/erif.pl\/kampanie\/?page_id=6746"},"modified":"2024-06-03T08:31:48","modified_gmt":"2024-06-03T06:31:48","slug":"rejestr-zastrzezen-pesel","status":"publish","type":"page","link":"https:\/\/erif.pl\/kampanie\/rejestr-zastrzezen-pesel\/","title":{"rendered":"Rejestr zastrze\u017ce\u0144 numer\u00f3w PESEL"},"content":{"rendered":"","protected":false},"excerpt":{"rendered":"","protected":false},"author":19,"featured_media":0,"parent":0,"menu_order":0,"comment_status":"closed","ping_status":"closed","template":"landing-template.php","meta":{"footnotes":""},"class_list":["post-6746","page","type-page","status-publish","hentry"],"acf":[],"_links":{"self":[{"href":"https:\/\/erif.pl\/kampanie\/wp-json\/wp\/v2\/pages\/6746"}],"collection":[{"href":"https:\/\/erif.pl\/kampanie\/wp-json\/wp\/v2\/pages"}],"about":[{"href":"https:\/\/erif.pl\/kampanie\/wp-json\/wp\/v2\/types\/page"}],"author":[{"embeddable":true,"href":"https:\/\/erif.pl\/kampanie\/wp-json\/wp\/v2\/users\/19"}],"replies":[{"embeddable":true,"href":"https:\/\/erif.pl\/kampanie\/wp-json\/wp\/v2\/comments?post=6746"}],"version-history":[{"count":7,"href":"https:\/\/erif.pl\/kampanie\/wp-json\/wp\/v2\/pages\/6746\/revisions"}],"predecessor-version":[{"id":6874,"href":"https:\/\/erif.pl\/kampanie\/wp-json\/wp\/v2\/pages\/6746\/revisions\/6874"}],"wp:attachment":[{"href":"https:\/\/erif.pl\/kampanie\/wp-json\/wp\/v2\/media?parent=6746"}],"curies":[{"name":"wp","href":"https:\/\/api.w.org\/{rel}","templated":true}]}}